{"id":11,"date":"2017-11-09T19:34:01","date_gmt":"2017-11-09T18:34:01","guid":{"rendered":"http:\/\/agneau-dorper.com\/?page_id=11"},"modified":"2017-11-09T23:42:02","modified_gmt":"2017-11-09T22:42:02","slug":"liste-des-produits","status":"publish","type":"page","link":"https:\/\/unefaimdeloup.ca\/index.php\/liste-des-produits\/","title":{"rendered":"Liste des Produits"},"content":{"rendered":"<p><strong>D\u00e9coupes de viande d&rsquo;agneau et de chevreau<\/strong><\/p>\n<p><u>D\u00e9coupes<\/u>\u00a0traditionnelles :<\/p>\n<ul>\n<li>Carr\u00e9 fran\u00e7ais<\/li>\n<li>C\u00f4telettes<\/li>\n<li>Gigot d\u00e9soss\u00e9, avec os ou en tranche<\/li>\n<li>Cubes \u00e0 mijot\u00e9<\/li>\n<li>Jarrets en souris ou en tranche<\/li>\n<li>\u00c9paule<\/li>\n<li>Foie<\/li>\n<li>Hach\u00e9<\/li>\n<li>Saucisses sans boyau \u00a0(merguez, \u00e0 d\u00e9jeuner, italienne douce, portugaise, aux fines herbes ou tomate et basilic)<\/li>\n<li>Terrines<\/li>\n<li>Entier ou demi<\/li>\n<\/ul>\n<p>&nbsp;<\/p>\n<div><i>Autres d\u00e9coupes disponible sur demande et m\u00e9choui avec un d\u00e9lai raisonnable. \u00a0<\/i><\/div>\n<div><\/div>\n<div>Les produits sont en vente au kiosque de la ferme sur rendez-vous, \u00a0au march\u00e9 virtuel du March\u00e9 solidarit\u00e9 r\u00e9gional de Brandon et au nouveau march\u00e9 public de Mandeville. Merci et bon app\u00e9tit!<\/div>\n","protected":false},"excerpt":{"rendered":"<p>D\u00e9coupes de viande d&rsquo;agneau et de chevreau D\u00e9coupes\u00a0traditionnelles : Carr\u00e9 fran\u00e7ais C\u00f4telettes Gigot d\u00e9soss\u00e9, avec os ou en tranche Cubes \u00e0 mijot\u00e9 Jarrets en souris ou en tranche \u00c9paule Foie Hach\u00e9 Saucisses sans boyau \u00a0(merguez, \u00e0 d\u00e9jeuner, italienne douce, portugaise, aux fines herbes ou tomate et basilic) Terrines Entier ou demi &nbsp; Autres d\u00e9coupes disponible [&hellip;]<\/p>\n","protected":false},"author":1,"featured_media":0,"parent":0,"menu_order":0,"comment_status":"closed","ping_status":"closed","template":"","meta":[],"_links":{"self":[{"href":"https:\/\/unefaimdeloup.ca\/index.php\/wp-json\/wp\/v2\/pages\/11"}],"collection":[{"href":"https:\/\/unefaimdeloup.ca\/index.php\/wp-json\/wp\/v2\/pages"}],"about":[{"href":"https:\/\/unefaimdeloup.ca\/index.php\/wp-json\/wp\/v2\/types\/page"}],"author":[{"embeddable":true,"href":"https:\/\/unefaimdeloup.ca\/index.php\/wp-json\/wp\/v2\/users\/1"}],"replies":[{"embeddable":true,"href":"https:\/\/unefaimdeloup.ca\/index.php\/wp-json\/wp\/v2\/comments?post=11"}],"version-history":[{"count":2,"href":"https:\/\/unefaimdeloup.ca\/index.php\/wp-json\/wp\/v2\/pages\/11\/revisions"}],"predecessor-version":[{"id":79,"href":"https:\/\/unefaimdeloup.ca\/index.php\/wp-json\/wp\/v2\/pages\/11\/revisions\/79"}],"wp:attachment":[{"href":"https:\/\/unefaimdeloup.ca\/index.php\/wp-json\/wp\/v2\/media?parent=11"}],"curies":[{"name":"wp","href":"https:\/\/api.w.org\/{rel}","templated":true}]}}